{"id":16,"date":"2023-12-28T23:28:50","date_gmt":"2023-12-28T22:28:50","guid":{"rendered":"http:\/\/www.juliagomezmateos.com\/?page_id=16"},"modified":"2024-01-02T15:10:38","modified_gmt":"2024-01-02T14:10:38","slug":"localizacion-y-contacto","status":"publish","type":"page","link":"https:\/\/www.juliagomezmateos.com\/en\/localizacion-y-contacto\/","title":{"rendered":"LOCALIZACI\u00d3N Y CONTACTO\u00a0"},"content":{"rendered":"\n<p>El despacho Julia G\u00f3mez Mateos se encuentra ubicado en el coraz\u00f3n de Noblejas (Toledo), una ubicaci\u00f3n accesible y conveniente para nuestros clientes. Nuestras oficinas ofrecen un espacio acogedor y confidencial donde podemos discutir sus necesidades legales en un ambiente profesional y tranquilo.<\/p>\n\n\n\n<div class=\"wp-block-columns is-layout-flex wp-container-core-columns-is-layout-9d6595d7 wp-block-columns-is-layout-flex\">\n<div class=\"wp-block-column is-layout-flow wp-block-column-is-layout-flow\">\n<p><strong>Direcci\u00f3n:<\/strong> C\/ Empedrada, 4, 45350 Noblejas, Toledo<\/p>\n\n\n\n<h4 class=\"wp-block-heading\"><strong>Horario de Atenci\u00f3n:<\/strong><\/h4>\n\n\n\n<p>Lunes a Viernes: 10:00 a 14:00 y 17:00 a 20:00<\/p>\n\n\n\n<h4 class=\"wp-block-heading\"><strong>Contacto:<\/strong><\/h4>\n\n\n\n<p>Para consultas o para programar una cita, puede contactarnos a trav\u00e9s de los siguientes medios:<\/p>\n\n\n\n<ul class=\"wp-block-list\">\n<li><strong>Tel\u00e9fono:<\/strong> 617\u00a031\u00a030\u00a037<\/li>\n\n\n\n<li><strong>Correo Electr\u00f3nico:<\/strong> <a href=\"mailto:mjgabogada@gmateos.com\" target=\"_blank\" rel=\"noreferrer noopener\">mjgabogada@gmateos.com<\/a><\/li>\n<\/ul>\n<\/div>\n\n\n\n<div class=\"wp-block-column is-layout-flow wp-block-column-is-layout-flow\">\n<div class=\"wp-block-essential-blocks-google-map\"><div class=\"eb-parent-wrapper eb-parent-eb-google-map-969fz \"><div id=\"eb-google-map-969fz\" class=\"eb-google-map-969fz eb-google-map-wrapper\" data-map-type=\"roadmap\" data-map-zoom=\"17\" data-latitude=\"40.7127753\" data-longitude=\"-74.0059728\" data-search-address=\"New York, NY, USA\" data-marker=\"[{&quot;title&quot;:&quot;Julia G\u00f3mez Mateos&quot;,&quot;location&quot;:&quot;&quot;,&quot;latitude&quot;:&quot;39.979527464115975&quot;,&quot;longitude&quot;:&quot;-3.4411923026382114&quot;}]\" data-image-size=\"32\" data-theme-source=\"google_theme\" data-google-style=\"standard\" data-snazzy-style=\"default\" style=\"height:400px\"><\/div><\/div><\/div>\n<\/div>\n<\/div>\n\n\n\n<p>Tambi\u00e9n puede contactar con nosotros mediante el siguiente formulario de contacto.<\/p>\n\n\n<div class=\"wpforms-container wpforms-container-full wpforms-render-modern\" id=\"wpforms-126\"><form id=\"wpforms-form-126\" class=\"wpforms-validate wpforms-form wpforms-ajax-form\" data-formid=\"126\" method=\"post\" enctype=\"multipart\/form-data\" action=\"\/en\/wp-json\/wp\/v2\/pages\/16\" data-token=\"92630e6490ee7520ca2b535d2b5e50a2\" data-token-time=\"1776599521\"><noscript class=\"wpforms-error-noscript\">Please enable JavaScript in your browser to complete this form.<\/noscript><div class=\"wpforms-hidden\" id=\"wpforms-error-noscript\">Please enable JavaScript in your browser to complete this form.<\/div><div class=\"wpforms-field-container\"><div id=\"wpforms-126-field_0-container\" class=\"wpforms-field wpforms-field-name\" data-field-id=\"0\"><fieldset><legend class=\"wpforms-field-label\">Nombre <span class=\"wpforms-required-label\" aria-hidden=\"true\">*<\/span><\/legend><div class=\"wpforms-field-row wpforms-field-medium\"><div class=\"wpforms-field-row-block wpforms-first wpforms-one-half\"><input type=\"text\" id=\"wpforms-126-field_0\" class=\"wpforms-field-name-first wpforms-field-required\" name=\"wpforms[fields][0][first]\" aria-errormessage=\"wpforms-126-field_0-error\" required><label for=\"wpforms-126-field_0\" class=\"wpforms-field-sublabel after\">First<\/label><\/div><div class=\"wpforms-field-row-block wpforms-one-half\"><input type=\"text\" id=\"wpforms-126-field_0-last\" class=\"wpforms-field-name-last wpforms-field-required\" name=\"wpforms[fields][0][last]\" aria-errormessage=\"wpforms-126-field_0-last-error\" required><label for=\"wpforms-126-field_0-last\" class=\"wpforms-field-sublabel after\">Last<\/label><\/div><\/div><\/fieldset><\/div><div id=\"wpforms-126-field_1-container\" class=\"wpforms-field wpforms-field-email\" data-field-id=\"1\"><label class=\"wpforms-field-label\" for=\"wpforms-126-field_1\">Correo electr\u00f3nico <span class=\"wpforms-required-label\" aria-hidden=\"true\">*<\/span><\/label><input type=\"email\" id=\"wpforms-126-field_1\" class=\"wpforms-field-medium wpforms-field-required\" name=\"wpforms[fields][1]\" spellcheck=\"false\" aria-errormessage=\"wpforms-126-field_1-error\" required><\/div><div id=\"wpforms-126-field_2-container\" class=\"wpforms-field wpforms-field-textarea\" data-field-id=\"2\"><label class=\"wpforms-field-label\" for=\"wpforms-126-field_2\">Comentario o mensaje<\/label><textarea id=\"wpforms-126-field_2\" class=\"wpforms-field-medium\" name=\"wpforms[fields][2]\" aria-errormessage=\"wpforms-126-field_2-error\" ><\/textarea><\/div><\/div><!-- .wpforms-field-container --><div class=\"wpforms-recaptcha-container wpforms-is-recaptcha wpforms-is-recaptcha-type-invisible\" ><div class=\"g-recaptcha\" data-sitekey=\"6Lf4MEMpAAAAAJagjR8ASPSECtv6mTMWGX994zqp\" data-size=\"invisible\"><\/div><\/div><div class=\"wpforms-submit-container\" ><input type=\"hidden\" name=\"wpforms[id]\" value=\"126\"><input type=\"hidden\" name=\"page_title\" value=\"\"><input type=\"hidden\" name=\"page_url\" value=\"https:\/\/www.juliagomezmateos.com\/en\/wp-json\/wp\/v2\/pages\/16\"><button type=\"submit\" name=\"wpforms[submit]\" id=\"wpforms-submit-126\" class=\"wpforms-submit\" data-alt-text=\"Enviando...\" data-submit-text=\"Enviar\" aria-live=\"assertive\" value=\"wpforms-submit\">Enviar<\/button><img loading=\"lazy\" decoding=\"async\" src=\"https:\/\/www.juliagomezmateos.com\/wp-content\/plugins\/wpforms-lite\/assets\/images\/submit-spin.svg\" class=\"wpforms-submit-spinner\" style=\"display: none;\" width=\"26\" height=\"26\" alt=\"Loading\"><\/div><\/form><\/div>  <!-- .wpforms-container -->\n","protected":false},"excerpt":{"rendered":"<p>El despacho Julia G\u00f3mez Mateos se encuentra ubicado en el coraz\u00f3n de Noblejas (Toledo), una ubicaci\u00f3n accesible y conveniente para nuestros clientes. Nuestras oficinas ofrecen un espacio acogedor y confidencial donde podemos discutir sus necesidades legales en un ambiente profesional y tranquilo. Direcci\u00f3n: C\/ Empedrada, 4, 45350 Noblejas, Toledo Horario de Atenci\u00f3n: Lunes a Viernes: 10:00 a 14:00 y 17:00 a 20:00 Contacto: Para consultas o para programar una cita, puede contactarnos a trav\u00e9s de los siguientes medios: Tambi\u00e9n puede contactar con nosotros mediante el siguiente formulario de contacto.<\/p>\n","protected":false},"author":1,"featured_media":0,"parent":0,"menu_order":0,"comment_status":"closed","ping_status":"closed","template":"","meta":{"footnotes":""},"class_list":["post-16","page","type-page","status-publish","hentry"],"yoast_head":"<!-- This site is optimized with the Yoast SEO plugin v23.8 - https:\/\/yoast.com\/wordpress\/plugins\/seo\/ -->\n<title>LOCALIZACI\u00d3N Y CONTACTO\u00a0 -<\/title>\n<meta name=\"robots\" content=\"index, follow, max-snippet:-1, max-image-preview:large, max-video-preview:-1\" \/>\n<link rel=\"canonical\" href=\"https:\/\/www.juliagomezmateos.com\/en\/localizacion-y-contacto\/\" \/>\n<meta property=\"og:locale\" content=\"en_US\" \/>\n<meta property=\"og:locale:alternate\" content=\"es_ES\" \/>\n<meta property=\"og:type\" content=\"article\" \/>\n<meta property=\"og:title\" content=\"LOCALIZACI\u00d3N Y CONTACTO\u00a0 -\" \/>\n<meta property=\"og:description\" content=\"El despacho Julia G\u00f3mez Mateos se encuentra ubicado en el coraz\u00f3n de Noblejas (Toledo), una ubicaci\u00f3n accesible y conveniente para nuestros clientes. Nuestras oficinas ofrecen un espacio acogedor y confidencial donde podemos discutir sus necesidades legales en un ambiente profesional y tranquilo. Direcci\u00f3n: C\/ Empedrada, 4, 45350 Noblejas, Toledo Horario de Atenci\u00f3n: Lunes a Viernes: 10:00 a 14:00 y 17:00 a 20:00 Contacto: Para consultas o para programar una cita, puede contactarnos a trav\u00e9s de los siguientes medios: Tambi\u00e9n puede contactar con nosotros mediante el siguiente formulario de contacto.\" \/>\n<meta property=\"og:url\" content=\"https:\/\/www.juliagomezmateos.com\/en\/localizacion-y-contacto\/\" \/>\n<meta property=\"article:modified_time\" content=\"2024-01-02T14:10:38+00:00\" \/>\n<meta name=\"twitter:card\" content=\"summary_large_image\" \/>\n<meta name=\"twitter:label1\" content=\"Est. reading time\" \/>\n\t<meta name=\"twitter:data1\" content=\"1 minute\" \/>\n<script type=\"application\/ld+json\" class=\"yoast-schema-graph\">{\"@context\":\"https:\/\/schema.org\",\"@graph\":[{\"@type\":\"WebPage\",\"@id\":\"https:\/\/www.juliagomezmateos.com\/en\/localizacion-y-contacto\/\",\"url\":\"https:\/\/www.juliagomezmateos.com\/en\/localizacion-y-contacto\/\",\"name\":\"LOCALIZACI\u00d3N Y CONTACTO\u00a0 -\",\"isPartOf\":{\"@id\":\"https:\/\/www.juliagomezmateos.com\/#website\"},\"datePublished\":\"2023-12-28T22:28:50+00:00\",\"dateModified\":\"2024-01-02T14:10:38+00:00\",\"breadcrumb\":{\"@id\":\"https:\/\/www.juliagomezmateos.com\/en\/localizacion-y-contacto\/#breadcrumb\"},\"inLanguage\":\"en-US\",\"potentialAction\":[{\"@type\":\"ReadAction\",\"target\":[\"https:\/\/www.juliagomezmateos.com\/en\/localizacion-y-contacto\/\"]}]},{\"@type\":\"BreadcrumbList\",\"@id\":\"https:\/\/www.juliagomezmateos.com\/en\/localizacion-y-contacto\/#breadcrumb\",\"itemListElement\":[{\"@type\":\"ListItem\",\"position\":1,\"name\":\"Portada\",\"item\":\"https:\/\/www.juliagomezmateos.com\/\"},{\"@type\":\"ListItem\",\"position\":2,\"name\":\"LOCALIZACI\u00d3N Y CONTACTO\u00a0\"}]},{\"@type\":\"WebSite\",\"@id\":\"https:\/\/www.juliagomezmateos.com\/#website\",\"url\":\"https:\/\/www.juliagomezmateos.com\/\",\"name\":\"\",\"description\":\"\",\"potentialAction\":[{\"@type\":\"SearchAction\",\"target\":{\"@type\":\"EntryPoint\",\"urlTemplate\":\"https:\/\/www.juliagomezmateos.com\/?s={search_term_string}\"},\"query-input\":{\"@type\":\"PropertyValueSpecification\",\"valueRequired\":true,\"valueName\":\"search_term_string\"}}],\"inLanguage\":\"en-US\"}]}<\/script>\n<!-- \/ Yoast SEO plugin. -->","yoast_head_json":{"title":"LOCALIZACI\u00d3N Y CONTACTO\u00a0 -","robots":{"index":"index","follow":"follow","max-snippet":"max-snippet:-1","max-image-preview":"max-image-preview:large","max-video-preview":"max-video-preview:-1"},"canonical":"https:\/\/www.juliagomezmateos.com\/en\/localizacion-y-contacto\/","og_locale":"en_US","og_type":"article","og_title":"LOCALIZACI\u00d3N Y CONTACTO\u00a0 -","og_description":"El despacho Julia G\u00f3mez Mateos se encuentra ubicado en el coraz\u00f3n de Noblejas (Toledo), una ubicaci\u00f3n accesible y conveniente para nuestros clientes. Nuestras oficinas ofrecen un espacio acogedor y confidencial donde podemos discutir sus necesidades legales en un ambiente profesional y tranquilo. Direcci\u00f3n: C\/ Empedrada, 4, 45350 Noblejas, Toledo Horario de Atenci\u00f3n: Lunes a Viernes: 10:00 a 14:00 y 17:00 a 20:00 Contacto: Para consultas o para programar una cita, puede contactarnos a trav\u00e9s de los siguientes medios: Tambi\u00e9n puede contactar con nosotros mediante el siguiente formulario de contacto.","og_url":"https:\/\/www.juliagomezmateos.com\/en\/localizacion-y-contacto\/","article_modified_time":"2024-01-02T14:10:38+00:00","twitter_card":"summary_large_image","twitter_misc":{"Est. reading time":"1 minute"},"schema":{"@context":"https:\/\/schema.org","@graph":[{"@type":"WebPage","@id":"https:\/\/www.juliagomezmateos.com\/en\/localizacion-y-contacto\/","url":"https:\/\/www.juliagomezmateos.com\/en\/localizacion-y-contacto\/","name":"LOCALIZACI\u00d3N Y CONTACTO\u00a0 -","isPartOf":{"@id":"https:\/\/www.juliagomezmateos.com\/#website"},"datePublished":"2023-12-28T22:28:50+00:00","dateModified":"2024-01-02T14:10:38+00:00","breadcrumb":{"@id":"https:\/\/www.juliagomezmateos.com\/en\/localizacion-y-contacto\/#breadcrumb"},"inLanguage":"en-US","potentialAction":[{"@type":"ReadAction","target":["https:\/\/www.juliagomezmateos.com\/en\/localizacion-y-contacto\/"]}]},{"@type":"BreadcrumbList","@id":"https:\/\/www.juliagomezmateos.com\/en\/localizacion-y-contacto\/#breadcrumb","itemListElement":[{"@type":"ListItem","position":1,"name":"Portada","item":"https:\/\/www.juliagomezmateos.com\/"},{"@type":"ListItem","position":2,"name":"LOCALIZACI\u00d3N Y CONTACTO\u00a0"}]},{"@type":"WebSite","@id":"https:\/\/www.juliagomezmateos.com\/#website","url":"https:\/\/www.juliagomezmateos.com\/","name":"","description":"","potentialAction":[{"@type":"SearchAction","target":{"@type":"EntryPoint","urlTemplate":"https:\/\/www.juliagomezmateos.com\/?s={search_term_string}"},"query-input":{"@type":"PropertyValueSpecification","valueRequired":true,"valueName":"search_term_string"}}],"inLanguage":"en-US"}]}},"_links":{"self":[{"href":"https:\/\/www.juliagomezmateos.com\/en\/wp-json\/wp\/v2\/pages\/16","targetHints":{"allow":["GET"]}}],"collection":[{"href":"https:\/\/www.juliagomezmateos.com\/en\/wp-json\/wp\/v2\/pages"}],"about":[{"href":"https:\/\/www.juliagomezmateos.com\/en\/wp-json\/wp\/v2\/types\/page"}],"author":[{"embeddable":true,"href":"https:\/\/www.juliagomezmateos.com\/en\/wp-json\/wp\/v2\/users\/1"}],"replies":[{"embeddable":true,"href":"https:\/\/www.juliagomezmateos.com\/en\/wp-json\/wp\/v2\/comments?post=16"}],"version-history":[{"count":6,"href":"https:\/\/www.juliagomezmateos.com\/en\/wp-json\/wp\/v2\/pages\/16\/revisions"}],"predecessor-version":[{"id":134,"href":"https:\/\/www.juliagomezmateos.com\/en\/wp-json\/wp\/v2\/pages\/16\/revisions\/134"}],"wp:attachment":[{"href":"https:\/\/www.juliagomezmateos.com\/en\/wp-json\/wp\/v2\/media?parent=16"}],"curies":[{"name":"wp","href":"https:\/\/api.w.org\/{rel}","templated":true}]}}