{"id":8,"date":"2023-12-28T23:27:34","date_gmt":"2023-12-28T22:27:34","guid":{"rendered":"http:\/\/www.juliagomezmateos.com\/?page_id=8"},"modified":"2024-11-18T10:51:00","modified_gmt":"2024-11-18T09:51:00","slug":"inicio","status":"publish","type":"page","link":"https:\/\/www.juliagomezmateos.com\/en\/","title":{"rendered":"INICIO"},"content":{"rendered":"\n<div class=\"wp-block-columns is-layout-flex wp-container-core-columns-is-layout-9d6595d7 wp-block-columns-is-layout-flex\">\n<div class=\"wp-block-column is-layout-flow wp-block-column-is-layout-flow\" style=\"flex-basis:33.33%\">\n<figure class=\"wp-block-image size-large\"><img loading=\"lazy\" decoding=\"async\" width=\"685\" height=\"1024\" src=\"http:\/\/www.juliagomezmateos.com\/wp-content\/uploads\/2023\/12\/IB57960-685x1024.jpeg\" alt=\"\" class=\"wp-image-39\" srcset=\"https:\/\/www.juliagomezmateos.com\/wp-content\/uploads\/2023\/12\/IB57960-685x1024.jpeg 685w, https:\/\/www.juliagomezmateos.com\/wp-content\/uploads\/2023\/12\/IB57960-201x300.jpeg 201w, https:\/\/www.juliagomezmateos.com\/wp-content\/uploads\/2023\/12\/IB57960.jpeg 722w\" sizes=\"auto, (max-width: 685px) 100vw, 685px\" \/><\/figure>\n<\/div>\n\n\n\n<div class=\"wp-block-column divjustify is-layout-flow wp-block-column-is-layout-flow\" style=\"flex-basis:66.66%\">\n<div class=\"wp-block-columns is-layout-flex wp-container-core-columns-is-layout-9d6595d7 wp-block-columns-is-layout-flex\">\n<div class=\"wp-block-column is-layout-flow wp-block-column-is-layout-flow\">\n<figure class=\"wp-block-image size-full\"><img loading=\"lazy\" decoding=\"async\" width=\"400\" height=\"100\" src=\"http:\/\/www.juliagomezmateos.com\/wp-content\/uploads\/2024\/01\/Logo-AMAFI.png\" alt=\"\" class=\"wp-image-139\" srcset=\"https:\/\/www.juliagomezmateos.com\/wp-content\/uploads\/2024\/01\/Logo-AMAFI.png 400w, https:\/\/www.juliagomezmateos.com\/wp-content\/uploads\/2024\/01\/Logo-AMAFI-300x75.png 300w\" sizes=\"auto, (max-width: 400px) 100vw, 400px\" \/><\/figure>\n<\/div>\n\n\n\n<div class=\"wp-block-column is-layout-flow wp-block-column-is-layout-flow\">\n<figure class=\"wp-block-image size-full\"><img loading=\"lazy\" decoding=\"async\" width=\"400\" height=\"100\" src=\"http:\/\/www.juliagomezmateos.com\/wp-content\/uploads\/2024\/01\/logo-aeafa.jpg\" alt=\"\" class=\"wp-image-140\" srcset=\"https:\/\/www.juliagomezmateos.com\/wp-content\/uploads\/2024\/01\/logo-aeafa.jpg 400w, https:\/\/www.juliagomezmateos.com\/wp-content\/uploads\/2024\/01\/logo-aeafa-300x75.jpg 300w\" sizes=\"auto, (max-width: 400px) 100vw, 400px\" \/><\/figure>\n<\/div>\n<\/div>\n\n\n\n<p class=\"has-text-align-left has-small-font-size\" style=\"font-style:normal;font-weight:300\">Licenciada en derecho por la Universidad de Castilla La Mancha, en la promoci\u00f3n del a\u00f1o 1992. Con 30 a\u00f1os ininterrumpidos de ejercicio profesional de la Abogac\u00eda, colegiada en el Ilustre Colegio de Toledo, desde el a\u00f1o 1993 hasta la actualidad. Form\u00e9 parte de la Tercera Promoci\u00f3n de la Escuela De Pr\u00e1ctica Jur\u00eddica del Colegio, y desde entonces no he cesado en la formaci\u00f3n continua que requiere este oficio.<\/p>\n\n\n\n<p class=\"has-text-align-left has-small-font-size\" style=\"font-style:normal;font-weight:300\">Me dedico fundamentalmente al Derecho de Familia (Divorcios, Separaciones y Rupturas de parejas de hecho), Sucesiones, Herencias, liquidaci\u00f3n y Divisi\u00f3n de patrimonios, Obtenci\u00f3n de Medidas Judiciales de apoyo para la discapacidad (antigua incapacitaci\u00f3n), contrataci\u00f3n, derecho inmobiliario, y en general temas de Derecho Civil (Impagados, desahucios, arrendamientos, compraventas, donaciones, interpretaci\u00f3n de contratos, acciones judiciales por incumplimiento etc\u2026.).<\/p>\n\n\n\n<p class=\"has-text-align-left has-small-font-size\" style=\"font-style:normal;font-weight:300\">Entiendo el derecho como la base de nuestra convivencia en sociedad, la rama del conocimiento que sustenta \u2013 al menos as\u00ed debe ser-los principios y valores que rigen el comportamiento del ser humano, en su relaci\u00f3n con los dem\u00e1s y el entorno, poniendo l\u00edmites a las conductas ajenas cuando invaden nuestro espacio, entendido en su sentido m\u00e1s amplio.<\/p>\n\n\n\n<p class=\"has-text-align-left has-small-font-size\" style=\"font-style:normal;font-weight:300\">Es por ello, que el ejercicio profesional conlleva una enorme responsabilidad, y la relaci\u00f3n con mis clientes va m\u00e1s all\u00e1 del ofrecimiento de un producto, exigiendo una implicaci\u00f3n y estudio constante para una efectiva resoluci\u00f3n de los asuntos, m\u00e1s a\u00fan cuando se trata de relaciones familiares.<\/p>\n\n\n\n<p class=\"has-text-align-left has-small-font-size\" style=\"font-style:normal;font-weight:300\">Mi experiencia profesional me va transformando cada d\u00eda, no s\u00f3lo en mis conocimientos jur\u00eddicos, sino en la forma de ponerlos en pr\u00e1ctica, siempre orientada a dar un servicio integral y transversal a la necesidad que se me encomienda,<strong> <\/strong>por lo que<strong>, <\/strong>siempre y sin excepci\u00f3n, llevo a cabo una atenci\u00f3n personalizada y directa, desde el inicio hasta la finalizaci\u00f3n del encargo<strong>.<\/strong><\/p>\n<\/div>\n<\/div>\n","protected":false},"excerpt":{"rendered":"<p>Licenciada en derecho por la Universidad de Castilla La Mancha, en la promoci\u00f3n del a\u00f1o 1992. Con 30 a\u00f1os ininterrumpidos de ejercicio profesional de la Abogac\u00eda, colegiada en el Ilustre Colegio de Toledo, desde el a\u00f1o 1993 hasta la actualidad. Form\u00e9 parte de la Tercera Promoci\u00f3n de la Escuela De Pr\u00e1ctica Jur\u00eddica del Colegio, y desde entonces no he cesado en la formaci\u00f3n continua que requiere este oficio. Me dedico fundamentalmente al Derecho de Familia (Divorcios, Separaciones y Rupturas de parejas de hecho), Sucesiones, Herencias, liquidaci\u00f3n y Divisi\u00f3n de patrimonios, Obtenci\u00f3n de Medidas Judiciales de apoyo para la discapacidad (antigua incapacitaci\u00f3n), contrataci\u00f3n, derecho inmobiliario, y en general temas de Derecho Civil (Impagados, desahucios, arrendamientos, compraventas, donaciones, interpretaci\u00f3n de contratos, acciones judiciales por incumplimiento etc\u2026.). Entiendo el derecho como la base de nuestra convivencia en sociedad, la rama del conocimiento que sustenta \u2013 al menos as\u00ed debe ser-los principios y valores que rigen el comportamiento del ser humano, en su relaci\u00f3n con los dem\u00e1s y el entorno, poniendo l\u00edmites a las conductas ajenas cuando invaden nuestro espacio, entendido en su sentido m\u00e1s amplio. Es por ello, que el ejercicio profesional conlleva una enorme responsabilidad, y la relaci\u00f3n con mis clientes va m\u00e1s all\u00e1 del ofrecimiento de un producto, exigiendo una implicaci\u00f3n y estudio constante para una efectiva resoluci\u00f3n de los asuntos, m\u00e1s a\u00fan cuando se trata de relaciones familiares. Mi experiencia profesional me va transformando cada d\u00eda, no s\u00f3lo en mis conocimientos jur\u00eddicos, sino en la forma de ponerlos en pr\u00e1ctica, siempre orientada a dar un servicio integral y transversal a la necesidad que se me encomienda, por lo que, siempre y sin excepci\u00f3n, llevo a cabo una atenci\u00f3n personalizada y directa, desde el inicio hasta la finalizaci\u00f3n del encargo.<\/p>\n","protected":false},"author":1,"featured_media":0,"parent":0,"menu_order":0,"comment_status":"closed","ping_status":"closed","template":"","meta":{"footnotes":""},"class_list":["post-8","page","type-page","status-publish","hentry"],"yoast_head":"<!-- This site is optimized with the Yoast SEO plugin v23.8 - https:\/\/yoast.com\/wordpress\/plugins\/seo\/ -->\n<title>Abogada en Toledo: Experta en Derecho de Familia, Herencias e Inmobiliario<\/title>\n<meta name=\"description\" content=\"Con m\u00e1s de 30 a\u00f1os de experiencia, abogada colegiada en Toledo, especialista en Derecho de Familia, Herencias, Divisi\u00f3n de Patrimonios y Contrataci\u00f3n Inmobiliaria. Atenci\u00f3n personalizada y compromiso profesional.\" \/>\n<meta name=\"robots\" content=\"index, follow, max-snippet:-1, max-image-preview:large, max-video-preview:-1\" \/>\n<link rel=\"canonical\" href=\"https:\/\/www.juliagomezmateos.com\/en\/\" \/>\n<meta property=\"og:locale\" content=\"en_US\" \/>\n<meta property=\"og:locale:alternate\" content=\"es_ES\" \/>\n<meta property=\"og:type\" content=\"article\" \/>\n<meta property=\"og:title\" content=\"Abogada en Toledo: Experta en Derecho de Familia, Herencias e Inmobiliario\" \/>\n<meta property=\"og:description\" content=\"Con m\u00e1s de 30 a\u00f1os de experiencia, abogada colegiada en Toledo, especialista en Derecho de Familia, Herencias, Divisi\u00f3n de Patrimonios y Contrataci\u00f3n Inmobiliaria. Atenci\u00f3n personalizada y compromiso profesional.\" \/>\n<meta property=\"og:url\" content=\"https:\/\/www.juliagomezmateos.com\/en\/\" \/>\n<meta property=\"article:modified_time\" content=\"2024-11-18T09:51:00+00:00\" \/>\n<meta property=\"og:image\" content=\"http:\/\/www.juliagomezmateos.com\/wp-content\/uploads\/2023\/12\/IB57960-685x1024.jpeg\" \/>\n<meta name=\"twitter:card\" content=\"summary_large_image\" \/>\n<meta name=\"twitter:label1\" content=\"Est. reading time\" \/>\n\t<meta name=\"twitter:data1\" content=\"2 minutes\" \/>\n<script type=\"application\/ld+json\" class=\"yoast-schema-graph\">{\"@context\":\"https:\/\/schema.org\",\"@graph\":[{\"@type\":\"WebPage\",\"@id\":\"https:\/\/www.juliagomezmateos.com\/\",\"url\":\"https:\/\/www.juliagomezmateos.com\/\",\"name\":\"Abogada en Toledo: Experta en Derecho de Familia, Herencias e Inmobiliario\",\"isPartOf\":{\"@id\":\"https:\/\/www.juliagomezmateos.com\/#website\"},\"primaryImageOfPage\":{\"@id\":\"https:\/\/www.juliagomezmateos.com\/#primaryimage\"},\"image\":{\"@id\":\"https:\/\/www.juliagomezmateos.com\/#primaryimage\"},\"thumbnailUrl\":\"http:\/\/www.juliagomezmateos.com\/wp-content\/uploads\/2023\/12\/IB57960-685x1024.jpeg\",\"datePublished\":\"2023-12-28T22:27:34+00:00\",\"dateModified\":\"2024-11-18T09:51:00+00:00\",\"description\":\"Con m\u00e1s de 30 a\u00f1os de experiencia, abogada colegiada en Toledo, especialista en Derecho de Familia, Herencias, Divisi\u00f3n de Patrimonios y Contrataci\u00f3n Inmobiliaria. Atenci\u00f3n personalizada y compromiso profesional.\",\"breadcrumb\":{\"@id\":\"https:\/\/www.juliagomezmateos.com\/#breadcrumb\"},\"inLanguage\":\"en-US\",\"potentialAction\":[{\"@type\":\"ReadAction\",\"target\":[\"https:\/\/www.juliagomezmateos.com\/\"]}]},{\"@type\":\"ImageObject\",\"inLanguage\":\"en-US\",\"@id\":\"https:\/\/www.juliagomezmateos.com\/#primaryimage\",\"url\":\"http:\/\/www.juliagomezmateos.com\/wp-content\/uploads\/2023\/12\/IB57960-685x1024.jpeg\",\"contentUrl\":\"http:\/\/www.juliagomezmateos.com\/wp-content\/uploads\/2023\/12\/IB57960-685x1024.jpeg\"},{\"@type\":\"BreadcrumbList\",\"@id\":\"https:\/\/www.juliagomezmateos.com\/#breadcrumb\",\"itemListElement\":[{\"@type\":\"ListItem\",\"position\":1,\"name\":\"Portada\",\"item\":\"https:\/\/www.juliagomezmateos.com\/\"},{\"@type\":\"ListItem\",\"position\":2,\"name\":\"INICIO\"}]},{\"@type\":\"WebSite\",\"@id\":\"https:\/\/www.juliagomezmateos.com\/#website\",\"url\":\"https:\/\/www.juliagomezmateos.com\/\",\"name\":\"\",\"description\":\"\",\"potentialAction\":[{\"@type\":\"SearchAction\",\"target\":{\"@type\":\"EntryPoint\",\"urlTemplate\":\"https:\/\/www.juliagomezmateos.com\/?s={search_term_string}\"},\"query-input\":{\"@type\":\"PropertyValueSpecification\",\"valueRequired\":true,\"valueName\":\"search_term_string\"}}],\"inLanguage\":\"en-US\"}]}<\/script>\n<!-- \/ Yoast SEO plugin. -->","yoast_head_json":{"title":"Abogada en Toledo: Experta en Derecho de Familia, Herencias e Inmobiliario","description":"Con m\u00e1s de 30 a\u00f1os de experiencia, abogada colegiada en Toledo, especialista en Derecho de Familia, Herencias, Divisi\u00f3n de Patrimonios y Contrataci\u00f3n Inmobiliaria. Atenci\u00f3n personalizada y compromiso profesional.","robots":{"index":"index","follow":"follow","max-snippet":"max-snippet:-1","max-image-preview":"max-image-preview:large","max-video-preview":"max-video-preview:-1"},"canonical":"https:\/\/www.juliagomezmateos.com\/en\/","og_locale":"en_US","og_type":"article","og_title":"[:en]Abogada en Toledo: Experta en Derecho de Familia, Herencias e Inmobiliario[:es]Abogada experta en Derecho de Familia y Herencias[:]","og_description":"[:en]Con m\u00e1s de 30 a\u00f1os de experiencia, abogada colegiada en Toledo, especialista en Derecho de Familia, Herencias, Divisi\u00f3n de Patrimonios y Contrataci\u00f3n Inmobiliaria. Atenci\u00f3n personalizada y compromiso profesional.[:es]Abogada con m\u00e1s de 30 a\u00f1os de experiencia en Toledo, especializada en Derecho de Familia, Herencias y Divisi\u00f3n de Patrimonios.[:]","og_url":"https:\/\/www.juliagomezmateos.com\/en\/","article_modified_time":"2024-11-18T09:51:00+00:00","og_image":[{"url":"http:\/\/www.juliagomezmateos.com\/wp-content\/uploads\/2023\/12\/IB57960-685x1024.jpeg"}],"twitter_card":"summary_large_image","twitter_misc":{"Est. reading time":"2 minutes"},"schema":{"@context":"https:\/\/schema.org","@graph":[{"@type":"WebPage","@id":"https:\/\/www.juliagomezmateos.com\/","url":"https:\/\/www.juliagomezmateos.com\/","name":"Abogada en Toledo: Experta en Derecho de Familia, Herencias e Inmobiliario","isPartOf":{"@id":"https:\/\/www.juliagomezmateos.com\/#website"},"primaryImageOfPage":{"@id":"https:\/\/www.juliagomezmateos.com\/#primaryimage"},"image":{"@id":"https:\/\/www.juliagomezmateos.com\/#primaryimage"},"thumbnailUrl":"http:\/\/www.juliagomezmateos.com\/wp-content\/uploads\/2023\/12\/IB57960-685x1024.jpeg","datePublished":"2023-12-28T22:27:34+00:00","dateModified":"2024-11-18T09:51:00+00:00","description":"Con m\u00e1s de 30 a\u00f1os de experiencia, abogada colegiada en Toledo, especialista en Derecho de Familia, Herencias, Divisi\u00f3n de Patrimonios y Contrataci\u00f3n Inmobiliaria. Atenci\u00f3n personalizada y compromiso profesional.","breadcrumb":{"@id":"https:\/\/www.juliagomezmateos.com\/#breadcrumb"},"inLanguage":"en-US","potentialAction":[{"@type":"ReadAction","target":["https:\/\/www.juliagomezmateos.com\/"]}]},{"@type":"ImageObject","inLanguage":"en-US","@id":"https:\/\/www.juliagomezmateos.com\/#primaryimage","url":"http:\/\/www.juliagomezmateos.com\/wp-content\/uploads\/2023\/12\/IB57960-685x1024.jpeg","contentUrl":"http:\/\/www.juliagomezmateos.com\/wp-content\/uploads\/2023\/12\/IB57960-685x1024.jpeg"},{"@type":"BreadcrumbList","@id":"https:\/\/www.juliagomezmateos.com\/#breadcrumb","itemListElement":[{"@type":"ListItem","position":1,"name":"Portada","item":"https:\/\/www.juliagomezmateos.com\/"},{"@type":"ListItem","position":2,"name":"INICIO"}]},{"@type":"WebSite","@id":"https:\/\/www.juliagomezmateos.com\/#website","url":"https:\/\/www.juliagomezmateos.com\/","name":"","description":"","potentialAction":[{"@type":"SearchAction","target":{"@type":"EntryPoint","urlTemplate":"https:\/\/www.juliagomezmateos.com\/?s={search_term_string}"},"query-input":{"@type":"PropertyValueSpecification","valueRequired":true,"valueName":"search_term_string"}}],"inLanguage":"en-US"}]}},"_links":{"self":[{"href":"https:\/\/www.juliagomezmateos.com\/en\/wp-json\/wp\/v2\/pages\/8","targetHints":{"allow":["GET"]}}],"collection":[{"href":"https:\/\/www.juliagomezmateos.com\/en\/wp-json\/wp\/v2\/pages"}],"about":[{"href":"https:\/\/www.juliagomezmateos.com\/en\/wp-json\/wp\/v2\/types\/page"}],"author":[{"embeddable":true,"href":"https:\/\/www.juliagomezmateos.com\/en\/wp-json\/wp\/v2\/users\/1"}],"replies":[{"embeddable":true,"href":"https:\/\/www.juliagomezmateos.com\/en\/wp-json\/wp\/v2\/comments?post=8"}],"version-history":[{"count":9,"href":"https:\/\/www.juliagomezmateos.com\/en\/wp-json\/wp\/v2\/pages\/8\/revisions"}],"predecessor-version":[{"id":166,"href":"https:\/\/www.juliagomezmateos.com\/en\/wp-json\/wp\/v2\/pages\/8\/revisions\/166"}],"wp:attachment":[{"href":"https:\/\/www.juliagomezmateos.com\/en\/wp-json\/wp\/v2\/media?parent=8"}],"curies":[{"name":"wp","href":"https:\/\/api.w.org\/{rel}","templated":true}]}}